{"id":399,"date":"2018-12-06T17:37:54","date_gmt":"2018-12-06T16:37:54","guid":{"rendered":"https:\/\/demo4.efarmgroup.com\/coeclerici\/privacy-policy\/"},"modified":"2022-07-04T14:18:58","modified_gmt":"2022-07-04T12:18:58","slug":"privacy-policy","status":"publish","type":"page","link":"https:\/\/www.fondazionepaoloegiulianaclerici.com\/en\/privacy-policy\/","title":{"rendered":"Privacy Policy"},"content":{"rendered":"<p><strong>La policy sulla privacy adottata dal Gruppo Coeclerici \u00e8 la seguente:<\/strong><\/p>\n<p><strong>Coeclerici S.p.A.<\/strong> Piazza Armando Diaz 7, 20123 Milano, Italia, tel. +39-02-62469.1 \u00e8 proprietaria del presente sito web, aggiornato da <u>Barabino &amp; Partners<\/u> di Milano e messo online da ITnet S.r.l. di Assago (MI).<\/p>\n<p>Lo scopo del presente sito web \u00e8 quello di fornire agli utenti informazioni sull&#8217;attivit\u00e0 del Gruppo Coeclerici, ovvero quella di offrire servizi integrati nel settore delle spedizioni, della logistica e del trading.<\/p>\n<p>Fatto salvo quanto diversamente specificato, i testi, le immagini, il materiale grafico o audiovisivo visualizzati sul presente sito web sono protetti dai diritti di copyright di Coeclerici SpA, delle sue sussidiarie o concessori di licenza. Non possono essere copiati, modificati o utilizzati senza il preventivo consenso scritto del proprietario di suddetti diritti di copyright.<\/p>\n<p>Fatto salvo quanto diversamente specificato, i marchi commerciali visualizzati sul presente sito web sono di propriet\u00e0 di Coeclerici SpA, delle sue sussidiarie o concessori di licenza. Non possono essere copiati, modificati o utilizzati senza il preventivo consenso scritto del rispettivo proprietario.<\/p>\n<p>Il sito web pu\u00f2 essere utilizzato solo per scopi personali e non per scopi commerciali di qualsivoglia altra natura.<\/p>\n<p>\u00c8 pertanto fatto divieto di copiare, modificare, caricare, scaricare, trasmettere, pubblicare o commercializzare i contenuti e i marchi commerciali del sito web per scopi commerciali o di altra natura.<\/p>\n<p>I collegamenti ad altri siti contenuti nel presente sito web sono riportati esclusivamente a titolo di riferimento per gli utenti. Coeclerici non rilascia alcuna garanzia di qualsivoglia natura in merito a detti siti e\/o ai rispettivi contenuti. Qualsiasi responsabilit\u00e0 correlata viene espressamente esclusa.<\/p>\n<p>Coeclerici non si assume alcuna responsabilit\u00e0, sia essa implicita o esplicita, di qualsivoglia natura in merito all&#8217;accesso al presente sito web o all&#8217;utilizzo da parte degli utenti di qualsiasi contenuto dello stesso.<\/p>\n<p>Il Gruppo Coeclerici si riserva il diritto di:<\/p>\n<p>* modificare i termini e le condizioni di utilizzo<\/p>\n<p>* controllare e cancellare qualsiasi materiale inviato al sito web<\/p>\n<p>* interrompere in qualsiasi momento e senza alcun preavviso la disponibilit\u00e0 online del sito web<\/p>\n<p>L&#8217;accesso a questo sito web implica l&#8217;accettazione dei seguenti termini e condizioni.<\/p>\n<p>&#8211; La legislazione e la giurisdizione italiana saranno applicabili in merito a qualsiasi questione derivante o correlata all&#8217;utilizzo del presente sito web e qualsiasi controversia derivante o correlata all&#8217;utilizzo dello stesso sar\u00e0 demandata al competente Tribunale di Milano.<\/p>\n<p>L&#8217;accesso a questo sito web implica l&#8217;accettazione dei seguenti termini e condizioni.<\/p>\n<p><strong>Gruppo Coeclerici &#8211; Informativa sulla privacy<\/strong><\/p>\n<p>Il Gruppo Coeclerici \u00e8 consapevole della necessit\u00e0 di proteggere la privacy e i diritti degli utenti. Poich\u00e9 Internet \u00e8 uno strumento potenzialmente potente per la divulgazione delle informazioni personali, il Gruppo Coeclerici ha particolarmente a cuore tale aspetto e ha adottato un codice di condotta per garantire una navigazione sicura, controllata e riservata sul sito web nel rispetto del Decreto legislativo n. 196\/2003.<\/p>\n<p>L&#8217;Informativa sulla privacy pu\u00f2 cambiare con il tempo a seguito delle integrazioni e\/o emendamenti legislativi. Si invitano pertanto gli utenti a visitare periodicamente la presente sezione del sito web.<\/p>\n<p><strong>La policy sulla privacy adottata dal Gruppo Coeclerici \u00e8 la seguente:<\/strong><\/p>\n<ol>\n<li>I dati personali saranno tratti esclusivamente nel rispetto delle informazioni dettagliate riportate sulla pagina del sito web dove tali informazioni potrebbero essere fornite. Attualmente, l&#8217;unica pagina dove gli utenti potrebbero fornire informazioni personali \u00e8 la pagina &#8220;Contattaci&#8221; dove essi, inviando liberamente un&#8217;e-mail al Gruppo Coeclerici richiedendo informazioni, possono rendere disponibili le informazioni personali quali il proprio indirizzo e-mail.<\/li>\n<li>Saranno trattati solo i dati forniti liberamente dagli utenti.<\/li>\n<li>Qualsiasi informazione personale sar\u00e0 a disposizione di terze parti solo nel caso in cui sia necessario per fornire assistenza\/le informazioni richieste dall&#8217;utente e sar\u00e0 a disposizione degli enti pubblici e privati nel rispetto della legislazione corrente.<\/li>\n<li>Rispondere alle richieste da parte degli utenti di cancellazione, modifica e integrazione dei dati personali e accettare il rifiuto degli utenti al trattamento dei rispettivi dati nel caso in cui tale trattamento sia eseguito in violazione delle norme legislative.<\/li>\n<li>Assicurare un trattamento adeguato e legittimo dei dati personali, preservare la privacy degli utenti e implementare adeguate misure di sicurezza per preservare la privacy, l&#8217;integrit\u00e0 e la disponibilit\u00e0 dei dati.<\/li>\n<\/ol>\n","protected":false},"excerpt":{"rendered":"<p>La policy sulla privacy adottata dal Gruppo Coeclerici \u00e8 la seguente: Coeclerici S.p.A. Piazza Armando Diaz 7, 20123 Milano, Italia, tel. +39-02-62469.1 \u00e8 proprietaria del presente sito web, aggiornato da<\/p>\n","protected":false},"author":1,"featured_media":0,"parent":0,"menu_order":0,"comment_status":"closed","ping_status":"open","template":"","meta":{"_acf_changed":false,"footnotes":""},"acf":[],"_links":{"self":[{"href":"https:\/\/www.fondazionepaoloegiulianaclerici.com\/en\/wp-json\/wp\/v2\/pages\/399"}],"collection":[{"href":"https:\/\/www.fondazionepaoloegiulianaclerici.com\/en\/wp-json\/wp\/v2\/pages"}],"about":[{"href":"https:\/\/www.fondazionepaoloegiulianaclerici.com\/en\/wp-json\/wp\/v2\/types\/page"}],"author":[{"embeddable":true,"href":"https:\/\/www.fondazionepaoloegiulianaclerici.com\/en\/wp-json\/wp\/v2\/users\/1"}],"replies":[{"embeddable":true,"href":"https:\/\/www.fondazionepaoloegiulianaclerici.com\/en\/wp-json\/wp\/v2\/comments?post=399"}],"version-history":[{"count":1,"href":"https:\/\/www.fondazionepaoloegiulianaclerici.com\/en\/wp-json\/wp\/v2\/pages\/399\/revisions"}],"predecessor-version":[{"id":1485,"href":"https:\/\/www.fondazionepaoloegiulianaclerici.com\/en\/wp-json\/wp\/v2\/pages\/399\/revisions\/1485"}],"wp:attachment":[{"href":"https:\/\/www.fondazionepaoloegiulianaclerici.com\/en\/wp-json\/wp\/v2\/media?parent=399"}],"curies":[{"name":"wp","href":"https:\/\/api.w.org\/{rel}","templated":true}]}}